{"id":334,"date":"2021-05-06T16:55:12","date_gmt":"2021-05-06T16:55:12","guid":{"rendered":"https:\/\/www.staudacher.berlin\/index\/"},"modified":"2026-02-13T09:18:26","modified_gmt":"2026-02-13T09:18:26","slug":"index","status":"publish","type":"page","link":"https:\/\/www.staudacher.berlin\/en\/","title":{"rendered":"Simultandolmetscher und \u00dcbersetzer"},"content":{"rendered":"","protected":false},"excerpt":{"rendered":"","protected":false},"author":1,"featured_media":0,"parent":0,"menu_order":0,"comment_status":"closed","ping_status":"closed","template":"","meta":{"footnotes":""},"class_list":["post-334","page","type-page","status-publish","hentry"],"yoast_head":"<!-- This site is optimized with the Yoast SEO plugin v27.5 - https:\/\/yoast.com\/product\/yoast-seo-wordpress\/ -->\n<title>Simultandolmetscher f\u00fcr Englisch und Schwedisch - Berlin<\/title>\n<meta name=\"description\" content=\"Simultandolmetscher und \u00dcbersetzer f\u00fcr Englisch und Schwedisch. Profi-Dolmetscher, \u00dcbersetzungen und kompetente Beratung aus einer Hand.\" \/>\n<meta name=\"robots\" content=\"index, follow, max-snippet:-1, max-image-preview:large, max-video-preview:-1\" \/>\n<link rel=\"canonical\" href=\"https:\/\/www.staudacher.berlin\/en\/\" \/>\n<meta property=\"og:locale\" content=\"en_GB\" \/>\n<meta property=\"og:type\" content=\"article\" \/>\n<meta property=\"og:title\" content=\"Simultandolmetscher f\u00fcr Englisch und Schwedisch - Berlin\" \/>\n<meta property=\"og:description\" content=\"Simultandolmetscher und \u00dcbersetzer f\u00fcr Englisch und Schwedisch. Profi-Dolmetscher, \u00dcbersetzungen und kompetente Beratung aus einer Hand.\" \/>\n<meta property=\"og:url\" content=\"https:\/\/www.staudacher.berlin\/en\/\" \/>\n<meta property=\"og:site_name\" content=\"Matthias Staudacher\" \/>\n<meta property=\"article:modified_time\" content=\"2026-02-13T09:18:26+00:00\" \/>\n<meta name=\"twitter:card\" content=\"summary_large_image\" \/>\n<script type=\"application\/ld+json\" class=\"yoast-schema-graph\">{\"@context\":\"https:\\\/\\\/schema.org\",\"@graph\":[{\"@type\":\"WebPage\",\"@id\":\"https:\\\/\\\/www.staudacher.berlin\\\/\",\"url\":\"https:\\\/\\\/www.staudacher.berlin\\\/\",\"name\":\"Simultandolmetscher f\u00fcr Englisch und Schwedisch - Berlin\",\"isPartOf\":{\"@id\":\"https:\\\/\\\/www.staudacher.berlin\\\/#website\"},\"datePublished\":\"2021-05-06T16:55:12+00:00\",\"dateModified\":\"2026-02-13T09:18:26+00:00\",\"description\":\"Simultandolmetscher und \u00dcbersetzer f\u00fcr Englisch und Schwedisch. Profi-Dolmetscher, \u00dcbersetzungen und kompetente Beratung aus einer Hand.\",\"breadcrumb\":{\"@id\":\"https:\\\/\\\/www.staudacher.berlin\\\/#breadcrumb\"},\"inLanguage\":\"en-GB\",\"potentialAction\":[{\"@type\":\"ReadAction\",\"target\":[\"https:\\\/\\\/www.staudacher.berlin\\\/\"]}]},{\"@type\":\"BreadcrumbList\",\"@id\":\"https:\\\/\\\/www.staudacher.berlin\\\/#breadcrumb\",\"itemListElement\":[{\"@type\":\"ListItem\",\"position\":1,\"name\":\"Startseite\",\"item\":\"https:\\\/\\\/www.staudacher.berlin\\\/\"},{\"@type\":\"ListItem\",\"position\":2,\"name\":\"Simultandolmetscher und \u00dcbersetzer\"}]},{\"@type\":\"WebSite\",\"@id\":\"https:\\\/\\\/www.staudacher.berlin\\\/#website\",\"url\":\"https:\\\/\\\/www.staudacher.berlin\\\/\",\"name\":\"Matthias Staudacher\",\"description\":\"Konferenzdolmetscher &amp; &Uuml;bersetzer.\",\"potentialAction\":[{\"@type\":\"SearchAction\",\"target\":{\"@type\":\"EntryPoint\",\"urlTemplate\":\"https:\\\/\\\/www.staudacher.berlin\\\/?s={search_term_string}\"},\"query-input\":{\"@type\":\"PropertyValueSpecification\",\"valueRequired\":true,\"valueName\":\"search_term_string\"}}],\"inLanguage\":\"en-GB\"}]}<\/script>\n<!-- \/ Yoast SEO plugin. -->","yoast_head_json":{"title":"Simultandolmetscher f\u00fcr Englisch und Schwedisch - Berlin","description":"Simultandolmetscher und \u00dcbersetzer f\u00fcr Englisch und Schwedisch. Profi-Dolmetscher, \u00dcbersetzungen und kompetente Beratung aus einer Hand.","robots":{"index":"index","follow":"follow","max-snippet":"max-snippet:-1","max-image-preview":"max-image-preview:large","max-video-preview":"max-video-preview:-1"},"canonical":"https:\/\/www.staudacher.berlin\/en\/","og_locale":"en_GB","og_type":"article","og_title":"Simultandolmetscher f\u00fcr Englisch und Schwedisch - Berlin","og_description":"Simultandolmetscher und \u00dcbersetzer f\u00fcr Englisch und Schwedisch. Profi-Dolmetscher, \u00dcbersetzungen und kompetente Beratung aus einer Hand.","og_url":"https:\/\/www.staudacher.berlin\/en\/","og_site_name":"Matthias Staudacher","article_modified_time":"2026-02-13T09:18:26+00:00","twitter_card":"summary_large_image","schema":{"@context":"https:\/\/schema.org","@graph":[{"@type":"WebPage","@id":"https:\/\/www.staudacher.berlin\/","url":"https:\/\/www.staudacher.berlin\/","name":"Simultandolmetscher f\u00fcr Englisch und Schwedisch - Berlin","isPartOf":{"@id":"https:\/\/www.staudacher.berlin\/#website"},"datePublished":"2021-05-06T16:55:12+00:00","dateModified":"2026-02-13T09:18:26+00:00","description":"Simultandolmetscher und \u00dcbersetzer f\u00fcr Englisch und Schwedisch. Profi-Dolmetscher, \u00dcbersetzungen und kompetente Beratung aus einer Hand.","breadcrumb":{"@id":"https:\/\/www.staudacher.berlin\/#breadcrumb"},"inLanguage":"en-GB","potentialAction":[{"@type":"ReadAction","target":["https:\/\/www.staudacher.berlin\/"]}]},{"@type":"BreadcrumbList","@id":"https:\/\/www.staudacher.berlin\/#breadcrumb","itemListElement":[{"@type":"ListItem","position":1,"name":"Startseite","item":"https:\/\/www.staudacher.berlin\/"},{"@type":"ListItem","position":2,"name":"Simultandolmetscher und \u00dcbersetzer"}]},{"@type":"WebSite","@id":"https:\/\/www.staudacher.berlin\/#website","url":"https:\/\/www.staudacher.berlin\/","name":"Matthias Staudacher","description":"Konferenzdolmetscher &amp; &Uuml;bersetzer.","potentialAction":[{"@type":"SearchAction","target":{"@type":"EntryPoint","urlTemplate":"https:\/\/www.staudacher.berlin\/?s={search_term_string}"},"query-input":{"@type":"PropertyValueSpecification","valueRequired":true,"valueName":"search_term_string"}}],"inLanguage":"en-GB"}]}},"_links":{"self":[{"href":"https:\/\/www.staudacher.berlin\/en\/wp-json\/wp\/v2\/pages\/334","targetHints":{"allow":["GET"]}}],"collection":[{"href":"https:\/\/www.staudacher.berlin\/en\/wp-json\/wp\/v2\/pages"}],"about":[{"href":"https:\/\/www.staudacher.berlin\/en\/wp-json\/wp\/v2\/types\/page"}],"author":[{"embeddable":true,"href":"https:\/\/www.staudacher.berlin\/en\/wp-json\/wp\/v2\/users\/1"}],"replies":[{"embeddable":true,"href":"https:\/\/www.staudacher.berlin\/en\/wp-json\/wp\/v2\/comments?post=334"}],"version-history":[{"count":2,"href":"https:\/\/www.staudacher.berlin\/en\/wp-json\/wp\/v2\/pages\/334\/revisions"}],"predecessor-version":[{"id":405,"href":"https:\/\/www.staudacher.berlin\/en\/wp-json\/wp\/v2\/pages\/334\/revisions\/405"}],"wp:attachment":[{"href":"https:\/\/www.staudacher.berlin\/en\/wp-json\/wp\/v2\/media?parent=334"}],"curies":[{"name":"wp","href":"https:\/\/api.w.org\/{rel}","templated":true}]}}